{"id":158,"date":"2025-03-18T09:23:25","date_gmt":"2025-03-18T09:23:25","guid":{"rendered":"https:\/\/hshg.eus\/politica-de-cookies\/"},"modified":"2025-03-24T12:30:08","modified_gmt":"2025-03-24T12:30:08","slug":"politica-de-cookies","status":"publish","type":"page","link":"https:\/\/hshg.eus\/es\/politica-de-cookies\/","title":{"rendered":"Pol\u00edtica de cookies"},"content":{"rendered":"<p>[et_pb_section fb_built=\u00bb1&#8243; _builder_version=\u00bb4.16&#8243; background_image=\u00bbhttps:\/\/hshg.eus\/bitartekoak\/osagarriak\/mediak\/2025\/03\/kerizpea_xl-1.jpg\u00bb background_size=\u00bbcontain\u00bb background_position=\u00bbtop_left\u00bb custom_padding=\u00bb60px||100px||false|false\u00bb global_colors_info=\u00bb{}\u00bb][et_pb_row column_structure=\u00bb1_3,2_3&#8243; module_class=\u00bbtestuLegalak\u00bb _builder_version=\u00bb4.24.3&#8243; width=\u00bb100%\u00bb max_width=\u00bb1700px\u00bb custom_margin=\u00bb|0px||0px|false|false\u00bb custom_padding=\u00bb|8.33%||8.33%|false|false\u00bb global_colors_info=\u00bb{}\u00bb][et_pb_column type=\u00bb1_3&#8243; disabled_on=\u00bbon|on|off\u00bb _builder_version=\u00bb4.16&#8243; global_colors_info=\u00bb{}\u00bb][et_pb_button button_url=\u00bb@ET-DC@eyJkeW5hbWljIjp0cnVlLCJjb250ZW50IjoicG9zdF9saW5rX3VybF9wYWdlIiwic2V0dGluZ3MiOnsicG9zdF9pZCI6IjI3NiJ9fQ==@\u00bb button_text=\u00bbAviso legal\u00bb _builder_version=\u00bb4.24.3&#8243; _dynamic_attributes=\u00bbbutton_url\u00bb custom_button=\u00bbon\u00bb button_text_size=\u00bb14px\u00bb button_border_width=\u00bb1px\u00bb button_border_color=\u00bb#000000&#8243; custom_margin=\u00bb||20px||false|false\u00bb button_border_width_tablet=\u00bb1px\u00bb button_border_width_phone=\u00bb1px\u00bb button_border_width_last_edited=\u00bbon|desktop\u00bb global_colors_info=\u00bb{}\u00bb button_bg_color__hover_enabled=\u00bbon|hover\u00bb button_bg_color__hover=\u00bb#FFFFFF\u00bb button_bg_enable_color__hover=\u00bbon\u00bb button_border_width__hover_enabled=\u00bbon|hover\u00bb button_border_width__hover=\u00bb1px\u00bb][\/et_pb_button][et_pb_button button_url=\u00bb@ET-DC@eyJkeW5hbWljIjp0cnVlLCJjb250ZW50IjoicG9zdF9saW5rX3VybF9wYWdlIiwic2V0dGluZ3MiOnsicG9zdF9pZCI6IjI0OCJ9fQ==@\u00bb button_text=\u00bbPol\u00edtica de privacidad\u00bb _builder_version=\u00bb4.24.3&#8243; _dynamic_attributes=\u00bbbutton_url\u00bb custom_button=\u00bbon\u00bb button_text_size=\u00bb14px\u00bb button_border_width=\u00bb1px\u00bb button_border_color=\u00bb#000000&#8243; custom_margin=\u00bb||20px||false|false\u00bb button_border_width_tablet=\u00bb1px\u00bb button_border_width_phone=\u00bb1px\u00bb button_border_width_last_edited=\u00bbon|desktop\u00bb global_colors_info=\u00bb{}\u00bb button_border_width__hover=\u00bb1px\u00bb button_border_width__hover_enabled=\u00bbon|hover\u00bb button_bg_color__hover=\u00bb#FFFFFF\u00bb button_bg_color__hover_enabled=\u00bbon|hover\u00bb][\/et_pb_button][\/et_pb_column][et_pb_column type=\u00bb2_3&#8243; _builder_version=\u00bb4.16&#8243; global_colors_info=\u00bb{}\u00bb][et_pb_text admin_label=\u00bbZer dira cookie-ak?\u00bb _builder_version=\u00bb4.24.3&#8243; width_last_edited=\u00bboff|desktop\u00bb global_colors_info=\u00bb{}\u00bb]<\/p>\n<h2>\u00bfQu\u00e9 son las cookies?<\/h2>\n<p>Las cookies son peque\u00f1os archivos de texto que se descargan en su computadora cuando visita un sitio web.<\/p>\n<p>No son virus maliciosos, sino herramientas que juegan un papel fundamental a la hora de proporcionar una variedad de servicios en Internet. Se utilizan para recordar en qu\u00e9 idioma prefieres navegar en la web, recopilar estad\u00edsticas que optimicen la funcionalidad de la web o compartir nuestros contenidos en tus redes sociales, entre otras cosas.<\/p>\n<p>[\/et_pb_text][et_pb_text admin_label=\u00bbNolako cookie-ak\u00bb _builder_version=\u00bb4.16&#8243; width_last_edited=\u00bboff|desktop\u00bb global_colors_info=\u00bb{}\u00bb]<\/p>\n<h2>\u00bfQu\u00e9 tipos de cookies utiliza este sitio web?<\/h2>\n<p>Cookies t\u00e9cnicas. Son creadas y gestionadas por nosotros, y te permiten navegar por nuestro sitio web y utilizar sus opciones y servicios.<\/p>\n<p>Cookies de an\u00e1lisis. Aquellas tratadas por nosotros o por terceros, que nos permiten cuantificar el n\u00famero de usuarios de la web y realizar la medici\u00f3n y an\u00e1lisis estad\u00edstico de la utilizaci\u00f3n de la web.<\/p>\n<p>En ning\u00fan caso obtenemos datos personales de los usuarios y se garantiza la privacidad de todo aquel que navega por la web.<\/p>\n<p>[\/et_pb_text][et_pb_text admin_label=\u00bbNola desaktibatu gure cookie-ak \u00bb _builder_version=\u00bb4.16&#8243; width_last_edited=\u00bboff|desktop\u00bb global_colors_info=\u00bb{}\u00bb]<\/p>\n<h2>C\u00f3mo deshabilitar nuestras cookies (o las de cualquier otra persona)<\/h2>\n<p>Aunque la mayor\u00eda de los navegadores aceptan autom\u00e1ticamente las cookies, usted puede cambiar la configuraci\u00f3n de su navegador para permitir, bloquear o eliminar las instaladas en su equipo.<\/p>\n<p>&nbsp;<\/p>\n<p>[\/et_pb_text][\/et_pb_column][\/et_pb_row][\/et_pb_section]<\/p>\n","protected":false},"excerpt":{"rendered":"<p>\u00bfQu\u00e9 son las cookies? Las cookies son peque\u00f1os archivos de texto que se descargan en su computadora cuando visita un sitio web. No son virus maliciosos, sino herramientas que juegan un papel fundamental a la hora de proporcionar una variedad de servicios en Internet. Se utilizan para recordar en qu\u00e9 idioma prefieres navegar en la [&hellip;]<\/p>\n","protected":false},"author":1,"featured_media":0,"parent":0,"menu_order":0,"comment_status":"closed","ping_status":"closed","template":"","meta":{"_et_pb_use_builder":"on","_et_pb_old_content":"","_et_gb_content_width":"","footnotes":""},"class_list":["post-158","page","type-page","status-publish","hentry"],"_links":{"self":[{"href":"https:\/\/hshg.eus\/es\/wp-json\/wp\/v2\/pages\/158","targetHints":{"allow":["GET"]}}],"collection":[{"href":"https:\/\/hshg.eus\/es\/wp-json\/wp\/v2\/pages"}],"about":[{"href":"https:\/\/hshg.eus\/es\/wp-json\/wp\/v2\/types\/page"}],"author":[{"embeddable":true,"href":"https:\/\/hshg.eus\/es\/wp-json\/wp\/v2\/users\/1"}],"replies":[{"embeddable":true,"href":"https:\/\/hshg.eus\/es\/wp-json\/wp\/v2\/comments?post=158"}],"version-history":[{"count":1,"href":"https:\/\/hshg.eus\/es\/wp-json\/wp\/v2\/pages\/158\/revisions"}],"predecessor-version":[{"id":684,"href":"https:\/\/hshg.eus\/es\/wp-json\/wp\/v2\/pages\/158\/revisions\/684"}],"wp:attachment":[{"href":"https:\/\/hshg.eus\/es\/wp-json\/wp\/v2\/media?parent=158"}],"curies":[{"name":"wp","href":"https:\/\/api.w.org\/{rel}","templated":true}]}}