{"id":161,"date":"2025-03-18T09:27:04","date_gmt":"2025-03-18T09:27:04","guid":{"rendered":"https:\/\/hshg.eus\/aviso-legal\/"},"modified":"2025-04-02T11:20:51","modified_gmt":"2025-04-02T11:20:51","slug":"aviso-legal","status":"publish","type":"page","link":"https:\/\/hshg.eus\/es\/aviso-legal\/","title":{"rendered":"Aviso legal"},"content":{"rendered":"<p>[et_pb_section fb_built=\u00bb1&#8243; _builder_version=\u00bb4.16&#8243; background_image=\u00bbhttps:\/\/hshg.eus\/bitartekoak\/osagarriak\/mediak\/2025\/03\/kerizpea_xl-1.jpg\u00bb background_size=\u00bbcontain\u00bb background_position=\u00bbtop_left\u00bb custom_padding=\u00bb60px||100px||false|false\u00bb global_colors_info=\u00bb{}\u00bb][et_pb_row column_structure=\u00bb1_3,2_3&#8243; _builder_version=\u00bb4.24.3&#8243; width=\u00bb100%\u00bb max_width=\u00bb1700px\u00bb custom_margin=\u00bb|0px||0px|false|false\u00bb custom_padding=\u00bb|8.33%||8.33%|false|false\u00bb global_colors_info=\u00bb{}\u00bb][et_pb_column type=\u00bb1_3&#8243; disabled_on=\u00bbon|on|off\u00bb _builder_version=\u00bb4.16&#8243; global_colors_info=\u00bb{}\u00bb][et_pb_button button_url=\u00bb#_0&#8243; button_text=\u00bbInformaci\u00f3n legal\u00bb _builder_version=\u00bb4.24.3&#8243; custom_button=\u00bbon\u00bb button_text_size=\u00bb14px\u00bb button_border_width=\u00bb1px\u00bb button_border_color=\u00bb#000000&#8243; custom_margin=\u00bb||20px||false|false\u00bb hover_enabled=\u00bb0&#8243; button_border_width_tablet=\u00bb1px\u00bb button_border_width_phone=\u00bb1px\u00bb button_border_width_last_edited=\u00bbon|desktop\u00bb global_colors_info=\u00bb{}\u00bb button_border_width__hover=\u00bb1px\u00bb button_border_width__hover_enabled=\u00bbon|hover\u00bb button_bg_color__hover=\u00bb#FFFFFF\u00bb button_bg_color__hover_enabled=\u00bbon|hover\u00bb sticky_enabled=\u00bb0&#8243;][\/et_pb_button][et_pb_button button_url=\u00bb#_1&#8243; button_text=\u00bb1. Condiciones generales\u00bb _builder_version=\u00bb4.24.3&#8243; custom_button=\u00bbon\u00bb button_text_size=\u00bb14px\u00bb button_border_width=\u00bb1px\u00bb button_border_color=\u00bb#000000&#8243; custom_margin=\u00bb||20px||false|false\u00bb button_border_width_tablet=\u00bb1px\u00bb button_border_width_phone=\u00bb1px\u00bb button_border_width_last_edited=\u00bbon|desktop\u00bb global_colors_info=\u00bb{}\u00bb button_border_width__hover=\u00bb1px\u00bb button_border_width__hover_enabled=\u00bbon|hover\u00bb button_bg_color__hover=\u00bb#FFFFFF\u00bb button_bg_color__hover_enabled=\u00bbon|hover\u00bb][\/et_pb_button][et_pb_button button_url=\u00bb#_2&#8243; button_text=\u00bb2. Propiedad\u00bb _builder_version=\u00bb4.24.3&#8243; custom_button=\u00bbon\u00bb button_text_size=\u00bb14px\u00bb button_border_width=\u00bb1px\u00bb button_border_color=\u00bb#000000&#8243; custom_margin=\u00bb||20px||false|false\u00bb button_border_width_tablet=\u00bb1px\u00bb button_border_width_phone=\u00bb1px\u00bb button_border_width_last_edited=\u00bbon|desktop\u00bb global_colors_info=\u00bb{}\u00bb button_border_width__hover=\u00bb1px\u00bb button_border_width__hover_enabled=\u00bbon|hover\u00bb button_bg_color__hover=\u00bb#FFFFFF\u00bb button_bg_color__hover_enabled=\u00bbon|hover\u00bb][\/et_pb_button][et_pb_button button_url=\u00bb#_3&#8243; button_text=\u00bb3. Cambios\u00bb _builder_version=\u00bb4.24.3&#8243; custom_button=\u00bbon\u00bb button_text_size=\u00bb14px\u00bb button_border_width=\u00bb1px\u00bb button_border_color=\u00bb#000000&#8243; custom_margin=\u00bb||20px||false|false\u00bb button_border_width_tablet=\u00bb1px\u00bb button_border_width_phone=\u00bb1px\u00bb button_border_width_last_edited=\u00bbon|desktop\u00bb global_colors_info=\u00bb{}\u00bb button_border_width__hover=\u00bb1px\u00bb button_border_width__hover_enabled=\u00bbon|hover\u00bb button_bg_color__hover=\u00bb#FFFFFF\u00bb button_bg_color__hover_enabled=\u00bbon|hover\u00bb][\/et_pb_button][et_pb_button button_url=\u00bb#_4&#8243; button_text=\u00bb4. Jurisdicci\u00f3n\u00bb _builder_version=\u00bb4.24.3&#8243; custom_button=\u00bbon\u00bb button_text_size=\u00bb14px\u00bb button_border_width=\u00bb1px\u00bb button_border_color=\u00bb#000000&#8243; custom_margin=\u00bb||20px||false|false\u00bb button_border_width_tablet=\u00bb1px\u00bb button_border_width_phone=\u00bb1px\u00bb button_border_width_last_edited=\u00bbon|desktop\u00bb global_colors_info=\u00bb{}\u00bb button_border_width__hover=\u00bb1px\u00bb button_border_width__hover_enabled=\u00bbon|hover\u00bb button_bg_color__hover=\u00bb#FFFFFF\u00bb button_bg_color__hover_enabled=\u00bbon|hover\u00bb][\/et_pb_button][\/et_pb_column][et_pb_column type=\u00bb2_3&#8243; _builder_version=\u00bb4.16&#8243; global_colors_info=\u00bb{}\u00bb][et_pb_text admin_label=\u00bbLege_informazioa\u00bb module_id=\u00bbLege_informazioa\u00bb _builder_version=\u00bb4.27.4&#8243; width_last_edited=\u00bboff|desktop\u00bb global_colors_info=\u00bb{}\u00bb]<span id=\"_0\"><\/span><\/p>\n<h2>Informaci\u00f3n legal<\/h2>\n<p>En cumplimiento de la Ley 34\/2002, de 11 de julio, de Servicios de la Sociedad de la Informaci\u00f3n y de Comercio Electr\u00f3nico, le informamos que el titular del dominio de internet hshg.eus es: <em>Aritz Alberdi Uranga 30664006s<\/em> , domicilio: Komentukale, 19, behea, Durango (Bizkaia), direcci\u00f3n de correo electr\u00f3nico: <a href=\"mailto:in&#102;o&#064;&#104;s&#104;&#103;.e&#117;&#115;\">in&#102;&#111;&#064;h&#115;hg&#046;eus<\/a>.<\/p>\n<p><em>Aritz Alberdi Uranga<\/em> , (en adelante \u201cHSHG\u201d o \u201cResponsable del Tratamiento\u201d) combina streetwear, dise\u00f1o e ilustraci\u00f3n. Este sitio web (en adelante el \u201csitio web\u201d), ubicado en el dominio hshg.eus, es propiedad de <em>HSHG<\/em> . La persona que visita y utiliza este sitio web es un usuario del sitio web (en adelante, el \u201cusuario\u201d).<br \/>\n<span id=\"_1\"><\/span>[\/et_pb_text][et_pb_text admin_label=\u00bbBaldintza_orokorrak\u00bb module_id=\u00bbBaldintza_orokorrak\u00bb _builder_version=\u00bb4.27.4&#8243; width_last_edited=\u00bboff|desktop\u00bb hover_enabled=\u00bb0&#8243; global_colors_info=\u00bb{}\u00bb sticky_enabled=\u00bb0&#8243;]<\/p>\n<h2>1. Condiciones generales<\/h2>\n<p>El usuario puede acceder de forma voluntaria y el acceso es gratuito. La navegaci\u00f3n por este sitio web implica que el usuario conoce y acepta sus avisos legales, condiciones de uso y pol\u00edtica de privacidad. Si el usuario no acepta estas condiciones de uso, y por tanto no da su aprobaci\u00f3n, no podr\u00e1 navegar por este sitio web.<\/p>\n<p>El acceso a este sitio web y cualquier uso que pueda hacerse de la informaci\u00f3n contenida en el mismo ser\u00e1 de la exclusiva responsabilidad del usuario. Por tanto, el usuario deber\u00e1 comprometerse a utilizar la informaci\u00f3n de acuerdo con la finalidad del sitio web. El usuario no podr\u00e1, por tanto, realizar ning\u00fan uso il\u00edcito de la informaci\u00f3n contenida en el sitio web. Asimismo, no podr\u00e1n realizar ninguna acci\u00f3n que pueda da\u00f1ar los sistemas inform\u00e1ticos del sitio web.<\/p>\n<p>A los usuarios se les prohibir\u00e1 insertar o comunicar contenidos falsos o incorrectos; Esto significa que no pueden proporcionar contenido que pueda confundir <em>a HSHG<\/em> , a otros usuarios o a terceros. Por tanto, el usuario ser\u00e1 el \u00fanico responsable de cualquier da\u00f1o causado por los datos que facilite. Los datos personales de terceros no podr\u00e1n utilizarse sin su consentimiento. Tambi\u00e9n queda prohibido utilizar datos de identificaci\u00f3n de terceros con la intenci\u00f3n de suplantar a otra persona o entidad.<\/p>\n<p><em>HSHG<\/em> hace todo lo posible para garantizar que el contenido publicado en el sitio web est\u00e9 libre de errores. Por lo tanto, se reserva el derecho de modificarlas en cualquier momento. <em>HSHG<\/em> declina expresamente cualquier responsabilidad por error u omisi\u00f3n en los contenidos de este sitio web, as\u00ed como cualquier responsabilidad por los da\u00f1os y perjuicios derivados de su falta de veracidad, exactitud o actualidad.<\/p>\n<p><em>Hshg.eus<\/em> podr\u00e1 proporcionar enlaces a otros sitios web o proporcionar acceso a los mismos a trav\u00e9s de su motor de b\u00fasqueda web. <em>HSHG<\/em> no asume ninguna responsabilidad por el contenido de ninguno de estos sitios vinculados, ni por los resultados de b\u00fasqueda; de hecho, no es responsable de los mismos ni de los contenidos, productos y servicios ofrecidos en ellos. La finalidad de estos servicios es precisamente informar a los usuarios sobre otras fuentes de informaci\u00f3n; Por tanto, el usuario acceder\u00e1 a dicho contenido \u00fanicamente bajo su propia responsabilidad, de acuerdo con las condiciones reguladas en el mismo.<\/p>\n<p><em>HSHG<\/em> no ser\u00e1 responsable de ninguna consecuencia o da\u00f1o derivado del uso de este sitio web o de sus contenidos, incluidos da\u00f1os inform\u00e1ticos y la introducci\u00f3n de virus. <em>HSHG<\/em> no garantiza que el sitio web no contenga virus u otros elementos, insertados por terceros externos, que puedan causar da\u00f1os en los sistemas f\u00edsicos o l\u00f3gicos de los usuarios; En cualquier caso, utilizar\u00e1 todos los medios a su alcance para evitar que esto ocurra.<\/p>\n<p><em>HSHG<\/em> se reserva el derecho de modificar o eliminar el dise\u00f1o, configuraci\u00f3n e informaci\u00f3n de este sitio web en cualquier momento, sin previo aviso ni explicaci\u00f3n, si lo considera necesario. <em>HSHG<\/em> no ser\u00e1 responsable de ning\u00fan da\u00f1o que pueda surgir de estos cambios. Sin embargo, utilizar\u00e1 todos los medios a su alcance para informar a los usuarios de estos cambios.<br \/>\n<span id=\"_2\"><\/span>[\/et_pb_text][et_pb_text admin_label=\u00bbJabetza_intelektuala_eta_industriala\u00bb module_id=\u00bbJabetza_intelektuala_eta_industriala\u00bb _builder_version=\u00bb4.27.4&#8243; width_last_edited=\u00bboff|desktop\u00bb hover_enabled=\u00bb0&#8243; global_colors_info=\u00bb{}\u00bb sticky_enabled=\u00bb0&#8243;]<\/p>\n<h2>2. Propiedad intelectual e industrial<\/h2>\n<p>Los derechos de propiedad de este sitio web, as\u00ed como los derechos de propiedad de sus p\u00e1ginas, pantallas, informaci\u00f3n, apariencia y dise\u00f1o, productos y servicios, marcas, logotipos, esl\u00f3ganes y otros, pertenecen a <em>HSHG<\/em> , salvo que se indique lo contrario.<\/p>\n<p>El acceso o navegaci\u00f3n en el sitio web Hshg.eus no implica, en ning\u00fan caso, que <em>HSHG<\/em> renuncie a sus derechos de propiedad intelectual o industrial, ni que conceda al usuario permiso (total o parcial) para su uso personal. Si alguien reproduce, distribuye, comercializa o transforma estas obras sin autorizaci\u00f3n estar\u00e1 violando los derechos de propiedad intelectual de <em>HSHG<\/em> .<\/p>\n<p>El usuario se compromete a no realizar ninguna acci\u00f3n que pueda causar perjuicio a la propiedad de este sitio web. En caso de uso no autorizado de la informaci\u00f3n contenida en el sitio web, o de lesi\u00f3n de los derechos de propiedad intelectual e industrial del titular, se podr\u00e1n ejercer las acciones legalmente correspondientes, y, en su caso, exigir las responsabilidades que de dicha actuaci\u00f3n se deriven.<br \/>\n<span id=\"_3\"><\/span>[\/et_pb_text][et_pb_text admin_label=\u00bbAldaketak\u00bb module_id=\u00bbAldaketak\u00bb _builder_version=\u00bb4.27.4&#8243; width_last_edited=\u00bboff|desktop\u00bb global_colors_info=\u00bb{}\u00bb]<\/p>\n<h2>3. Cambios<\/h2>\n<p>Todas estas condiciones podr\u00e1n ser modificadas si <em>HSHG<\/em> lo considera oportuno en cualquier momento; tanto para adaptarse a los cambios legales como para realizar otras mejoras. Estos cambios ser\u00e1n efectivos desde el momento de su publicaci\u00f3n en este sitio web. <em>HSHG<\/em> utilizar\u00e1 todos los medios a su alcance para informar a los usuarios de cualquier cambio.<br \/>\n<span id=\"_4\"><\/span>[\/et_pb_text][et_pb_text admin_label=\u00bbJurisdikzioa\u00bb module_id=\u00bbJurisdikzioa\u00bb _builder_version=\u00bb4.27.4&#8243; width_last_edited=\u00bboff|desktop\u00bb global_colors_info=\u00bb{}\u00bb]<\/p>\n<h2>4. Jurisdicci\u00f3n<\/h2>\n<p>La relaci\u00f3n creada entre <em>HSHG<\/em> y el usuario se regir\u00e1 por lo dispuesto en la normativa vigente acerca de la legislaci\u00f3n aplicable y la jurisdicci\u00f3n competente. En todo caso, si la normativa preve\u00eda que las partes debieran someterse a un fuero, <em>HSHG<\/em> y el usuario, con renuncia expresa a cualquier otro fuero que pudiera corresponderles, se someter\u00e1n a los Juzgados y Tribunales de Bilbao.<\/p>\n<p>En el caso de que el usuario incumpla estas condiciones o haga un uso indebido de los contenidos expuestos en el sitio web, <em>HSHG<\/em> adoptar\u00e1 las medidas civiles y penales previstas en la legislaci\u00f3n vigente para sancionar estos incumplimientos.[\/et_pb_text][\/et_pb_column][\/et_pb_row][\/et_pb_section]<\/p>\n","protected":false},"excerpt":{"rendered":"<p>Informaci\u00f3n legal En cumplimiento de la Ley 34\/2002, de 11 de julio, de Servicios de la Sociedad de la Informaci\u00f3n y de Comercio Electr\u00f3nico, le informamos que el titular del dominio de internet hshg.eus es: Aritz Alberdi Uranga 30664006s , domicilio: Komentukale, 19, behea, Durango (Bizkaia), direcci\u00f3n de correo electr\u00f3nico: <a href=\"mailto:&#105;&#110;&#102;&#111;&#064;&#104;&#115;hg.&#101;us\">i&#110;f&#111;&#064;hsh&#103;.eu&#115;<\/a>. Aritz Alberdi Uranga , [&hellip;]<\/p>\n","protected":false},"author":1,"featured_media":0,"parent":0,"menu_order":0,"comment_status":"closed","ping_status":"closed","template":"","meta":{"_et_pb_use_builder":"on","_et_pb_old_content":"","_et_gb_content_width":"","footnotes":""},"class_list":["post-161","page","type-page","status-publish","hentry"],"_links":{"self":[{"href":"https:\/\/hshg.eus\/es\/wp-json\/wp\/v2\/pages\/161","targetHints":{"allow":["GET"]}}],"collection":[{"href":"https:\/\/hshg.eus\/es\/wp-json\/wp\/v2\/pages"}],"about":[{"href":"https:\/\/hshg.eus\/es\/wp-json\/wp\/v2\/types\/page"}],"author":[{"embeddable":true,"href":"https:\/\/hshg.eus\/es\/wp-json\/wp\/v2\/users\/1"}],"replies":[{"embeddable":true,"href":"https:\/\/hshg.eus\/es\/wp-json\/wp\/v2\/comments?post=161"}],"version-history":[{"count":1,"href":"https:\/\/hshg.eus\/es\/wp-json\/wp\/v2\/pages\/161\/revisions"}],"predecessor-version":[{"id":1701,"href":"https:\/\/hshg.eus\/es\/wp-json\/wp\/v2\/pages\/161\/revisions\/1701"}],"wp:attachment":[{"href":"https:\/\/hshg.eus\/es\/wp-json\/wp\/v2\/media?parent=161"}],"curies":[{"name":"wp","href":"https:\/\/api.w.org\/{rel}","templated":true}]}}