{"id":164,"date":"2025-03-18T09:24:06","date_gmt":"2025-03-18T09:24:06","guid":{"rendered":"https:\/\/hshg.eus\/politica-de-privacidad\/"},"modified":"2025-03-24T13:15:36","modified_gmt":"2025-03-24T13:15:36","slug":"politica-de-privacidad","status":"publish","type":"page","link":"https:\/\/hshg.eus\/es\/politica-de-privacidad\/","title":{"rendered":"Pol\u00edtica de privacidad"},"content":{"rendered":"<p>[et_pb_section fb_built=\u00bb1&#8243; _builder_version=\u00bb4.24.3&#8243; background_image=\u00bbhttps:\/\/hshg.eus\/bitartekoak\/osagarriak\/mediak\/2025\/03\/kerizpea_xl-1.jpg\u00bb background_size=\u00bbcontain\u00bb background_position=\u00bbtop_left\u00bb width=\u00bb100%\u00bb custom_padding=\u00bb60px||100px||false|false\u00bb background_last_edited=\u00bbon|phone\u00bb global_colors_info=\u00bb{}\u00bb][et_pb_row column_structure=\u00bb1_3,2_3&#8243; _builder_version=\u00bb4.24.3&#8243; width=\u00bb100%\u00bb max_width=\u00bb1700px\u00bb custom_margin=\u00bb|0px||0px|false|false\u00bb custom_padding=\u00bb|8.33%||8.33%|false|false\u00bb global_colors_info=\u00bb{}\u00bb][et_pb_column type=\u00bb1_3&#8243; disabled_on=\u00bbon|on|off\u00bb _builder_version=\u00bb4.16&#8243; global_colors_info=\u00bb{}\u00bb][et_pb_button button_url=\u00bb#_1&#8243; button_text=\u00bb1. Pol\u00edtica de privacidad\u00bb admin_label=\u00bb1. Atarikoa\u00bb _builder_version=\u00bb4.24.3&#8243; custom_button=\u00bbon\u00bb button_text_size=\u00bb14px\u00bb button_border_width=\u00bb1px\u00bb button_border_color=\u00bb#000000&#8243; custom_margin=\u00bb||20px||false|false\u00bb button_border_width_tablet=\u00bb1px\u00bb button_border_width_phone=\u00bb1px\u00bb button_border_width_last_edited=\u00bbon|desktop\u00bb global_colors_info=\u00bb{}\u00bb button_border_width__hover=\u00bb1px\u00bb button_border_width__hover_enabled=\u00bbon|hover\u00bb button_bg_color__hover=\u00bb#FFFFFF\u00bb button_bg_color__hover_enabled=\u00bbon|hover\u00bb][\/et_pb_button][et_pb_button button_url=\u00bb#_2&#8243; button_text=\u00bb2. Recopilaci\u00f3n de datos personales\u00bb admin_label=\u00bb2. Datu pertsonalak biltzea\u00bb _builder_version=\u00bb4.24.3&#8243; custom_button=\u00bbon\u00bb button_text_size=\u00bb14px\u00bb button_border_width=\u00bb1px\u00bb button_border_color=\u00bb#000000&#8243; custom_margin=\u00bb||20px||false|false\u00bb button_border_width_tablet=\u00bb1px\u00bb button_border_width_phone=\u00bb1px\u00bb button_border_width_last_edited=\u00bbon|desktop\u00bb global_colors_info=\u00bb{}\u00bb button_border_width__hover=\u00bb1px\u00bb button_border_width__hover_enabled=\u00bbon|hover\u00bb button_bg_color__hover=\u00bb#FFFFFF\u00bb button_bg_color__hover_enabled=\u00bbon|hover\u00bb][\/et_pb_button][et_pb_button button_url=\u00bb#_3&#8243; button_text=\u00bb3. Derechos de los interesados\u00bb admin_label=\u00bb3. Interesdunen eskubideak\u00bb _builder_version=\u00bb4.24.3&#8243; custom_button=\u00bbon\u00bb button_text_size=\u00bb14px\u00bb button_border_width=\u00bb1px\u00bb button_border_color=\u00bb#000000&#8243; custom_margin=\u00bb||20px||false|false\u00bb button_border_width_tablet=\u00bb1px\u00bb button_border_width_phone=\u00bb1px\u00bb button_border_width_last_edited=\u00bbon|desktop\u00bb global_colors_info=\u00bb{}\u00bb button_border_width__hover=\u00bb1px\u00bb button_border_width__hover_enabled=\u00bbon|hover\u00bb button_bg_color__hover=\u00bb#FFFFFF\u00bb button_bg_color__hover_enabled=\u00bbon|hover\u00bb][\/et_pb_button][et_pb_button button_url=\u00bb#_4&#8243; button_text=\u00bb4. Medidas de seguridad\u00bb admin_label=\u00bb4. Segurtasun-neurriak\u00bb _builder_version=\u00bb4.24.3&#8243; custom_button=\u00bbon\u00bb button_text_size=\u00bb14px\u00bb button_border_width=\u00bb1px\u00bb button_border_color=\u00bb#000000&#8243; custom_margin=\u00bb||20px||false|false\u00bb button_border_width_tablet=\u00bb1px\u00bb button_border_width_phone=\u00bb1px\u00bb button_border_width_last_edited=\u00bbon|desktop\u00bb global_colors_info=\u00bb{}\u00bb button_border_width__hover=\u00bb1px\u00bb button_border_width__hover_enabled=\u00bbon|hover\u00bb button_bg_color__hover=\u00bb#FFFFFF\u00bb button_bg_color__hover_enabled=\u00bbon|hover\u00bb][\/et_pb_button][et_pb_button button_url=\u00bb#_5&#8243; button_text=\u00bb5. Datos de tr\u00e1fico\u00bb admin_label=\u00bb5. Trafiko-datuak\u00bb _builder_version=\u00bb4.24.3&#8243; custom_button=\u00bbon\u00bb button_text_size=\u00bb14px\u00bb button_border_width=\u00bb1px\u00bb button_border_color=\u00bb#000000&#8243; custom_margin=\u00bb||20px||false|false\u00bb button_border_width_tablet=\u00bb1px\u00bb button_border_width_phone=\u00bb1px\u00bb button_border_width_last_edited=\u00bbon|desktop\u00bb global_colors_info=\u00bb{}\u00bb button_border_width__hover=\u00bb1px\u00bb button_border_width__hover_enabled=\u00bbon|hover\u00bb button_bg_color__hover=\u00bb#FFFFFF\u00bb button_bg_color__hover_enabled=\u00bbon|hover\u00bb][\/et_pb_button][et_pb_button button_url=\u00bb#_6&#8243; button_text=\u00bb6. Vigencia\u00bb admin_label=\u00bb6. Indarraldia\u00bb _builder_version=\u00bb4.24.3&#8243; custom_button=\u00bbon\u00bb button_text_size=\u00bb14px\u00bb button_border_width=\u00bb1px\u00bb button_border_color=\u00bb#000000&#8243; custom_margin=\u00bb||20px||false|false\u00bb button_border_width_tablet=\u00bb1px\u00bb button_border_width_phone=\u00bb1px\u00bb button_border_width_last_edited=\u00bbon|desktop\u00bb global_colors_info=\u00bb{}\u00bb button_border_width__hover=\u00bb1px\u00bb button_border_width__hover_enabled=\u00bbon|hover\u00bb button_bg_color__hover=\u00bb#FFFFFF\u00bb button_bg_color__hover_enabled=\u00bbon|hover\u00bb][\/et_pb_button][et_pb_button button_url=\u00bb#_7&#8243; button_text=\u00bb7. Jurisdicci\u00f3n\u00bb admin_label=\u00bb7. Jurisdikzioa\u00bb _builder_version=\u00bb4.24.3&#8243; custom_button=\u00bbon\u00bb button_text_size=\u00bb14px\u00bb button_border_width=\u00bb1px\u00bb button_border_color=\u00bb#000000&#8243; custom_margin=\u00bb||20px||false|false\u00bb button_border_width_tablet=\u00bb1px\u00bb button_border_width_phone=\u00bb1px\u00bb button_border_width_last_edited=\u00bbon|desktop\u00bb global_colors_info=\u00bb{}\u00bb button_border_width__hover=\u00bb1px\u00bb button_border_width__hover_enabled=\u00bbon|hover\u00bb button_bg_color__hover=\u00bb#FFFFFF\u00bb button_bg_color__hover_enabled=\u00bbon|hover\u00bb][\/et_pb_button][\/et_pb_column][et_pb_column type=\u00bb2_3&#8243; _builder_version=\u00bb4.16&#8243; global_colors_info=\u00bb{}\u00bb][et_pb_text admin_label=\u00bbAtarikoa\u00bb module_id=\u00bbAtarikoa\u00bb _builder_version=\u00bb4.27.4&#8243; width_last_edited=\u00bboff|desktop\u00bb global_colors_info=\u00bb{}\u00bb]<span id=\"_1\"><\/span><\/p>\n<h2>1. Introducci\u00f3n<\/h2>\n<p>En cumplimiento de la normativa sobre Protecci\u00f3n de Datos Personales, se informa a los usuarios que los datos personales que faciliten mediante correo electr\u00f3nico, enviados a trav\u00e9s de formularios ubicados en este sitio web o por cualquier otro medio ubicado en este sitio web ser\u00e1n incorporados a tratamiento de datos titularidad de <em>HSHG<\/em> &#8211; <em>Aritz Alberdi Uranga 30664006s<\/em> Responsable del Tratamiento, de ahora en adelante <em>HSHG<\/em>, con la finalidad de atender a las consultas y solicitudes recibidas, contactar con usted, gestionar los servicios solicitados, las relaciones comerciales y las funciones e intereses leg\u00edtimos propios de la actividad de <em>HSHG<\/em>, as\u00ed como para el env\u00edo de futuras comunicaciones comerciales que pudieran ser de su inter\u00e9s.  <\/p>\n<p>Salvo que el interesado manifieste lo contrario, sus datos podr\u00e1n ser conservados sin un plazo determinado para el cumplimiento de los fines se\u00f1alados en esta Pol\u00edtica de Privacidad. Las bases jur\u00eddicas del tratamiento son, en los t\u00e9rminos establecidos por la normativa sobre protecci\u00f3n de datos, la necesidad del tratamiento de sus datos para la ejecuci\u00f3n de los servicios solicitados por usted, el cumplimiento de obligaciones legales por parte del Responsable del Tratamiento, su consentimiento expreso y el inter\u00e9s leg\u00edtimo del Responsable del Tratamiento (por ejemplo, a efectos de enviarle comunicaciones comerciales o informativas). <\/p>\n<p>l tratamiento de sus datos personales se realizar\u00e1 de manera confidencial. <em>HSHG<\/em> est\u00e1 comprometida con la privacidad y la protecci\u00f3n de los datos personales de los usuarios y utiliza sus recursos para garantizar la seguridad y privacidad de los interesados.<br \/>\n<span id=\"_2\"><\/span>[\/et_pb_text][et_pb_text admin_label=\u00bbDatu_pertsonalak_biltzea\u00bb module_id=\u00bbDatu_pertsonalak_biltzea\u00bb _builder_version=\u00bb4.27.4&#8243; width_last_edited=\u00bboff|desktop\u00bb global_colors_info=\u00bb{}\u00bb]<\/p>\n<h2>2. Recopilaci\u00f3n de datos personales<\/h2>\n<p><em>HSHG<\/em>, el Responsable del Tratamiento no requiere que proporcione datos personales para acceder al sitio web, no obstante, en el sitio web hay formularios cuya cumplimentaci\u00f3n requiere que el usurio facilite datos personales identificativos y\/o de contacto.<\/p>\n<p>El usuario aporta sus datos personales de forma libre y voluntaria. <em>HSHG<\/em> el Responsable del Tratamiento no solicita m\u00e1s informaci\u00f3n personal que la que es necesaria para recibir los servicios e informaciones solicitadas. El env\u00edo de informaci\u00f3n a trav\u00e9s de este sitio web conlleva necesariamente la aceptaci\u00f3n de esta pol\u00edtica de privacidad y de las condiciones generales del sitio web. <\/p>\n<p><em>HSHG<\/em> el Responsable del Tratamiento recoger\u00e1 los datos personales de manera adecuada y pertinente, de forma determinada, expl\u00edcita, exacta y leg\u00edtima. El usuario es el \u00fanico responsable de la veracidad y correcci\u00f3n de los datos incluidos, exonerando al Responsable del Tratamiento de cualquier responsabilidad al respecto. <\/p>\n<p>En el supuesto que algunos de nuestros servicios vayan dirigidos espec\u00edficamente a menores de edad, <em>HSHG<\/em> solicitar\u00e1 la conformidad de los padres o tutores para la recogida de los datos personales o, en su caso, para el tratamiento de los datos.<\/p>\n<p>Erabiltzailearen ardura eta beharra izango da emandako datuen zehaztasuna, zuzentasuna eta egiazkotasuna bermatzea eta, behar den kasuetan, datu hauek eguneratzea, <em>HSHG<\/em> no asumir\u00e1 ninguna responsabilidad al respecto. Exonerando al Responsable del Tratamiento de cualquier responsabilidad al respecto. Por tanto, el usuario ser\u00e1 el \u00fanico responsable de cualquier da\u00f1o causado por los datos que facilite.<br \/>\n<span id=\"_3\"><\/span>[\/et_pb_text][et_pb_text admin_label=\u00bbInteresdunen_eskubideak\u00bb module_id=\u00bbInteresdunen_eskubideak\u00bb _builder_version=\u00bb4.27.4&#8243; width_last_edited=\u00bboff|desktop\u00bb global_colors_info=\u00bb{}\u00bb]<\/p>\n<h2>3. Derechos de los interesados<\/h2>\n<p>Puede ejercer los derechos de acceso, rectificaci\u00f3n, supresi\u00f3n, limitaci\u00f3n al tratamiento, portabilidad y oposici\u00f3n, as\u00ed como retirar su consentimiento o cualquier otra solicitud sobre esta materia dirigi\u00e9ndose por escrito al Responsable del Tratamiento, <em>HSHG<\/em>, Komentukale, 19, behea, 48200 Durango (Bizkaia), o bien a trav\u00e9s de la direcci\u00f3n de correo electr\u00f3nico <a href=\"mailto:i&#110;&#102;&#111;&#064;&#104;s&#104;g.eu&#115;\">&#105;&#110;fo&#064;&#104;s&#104;g&#046;&#101;&#117;s<\/a>. <\/p>\n<p>La solicitud deber\u00e1 llevar adjunta copia de documento de acreditativo de la identidad del solicitante (DNI o similares). En caso de realizar la solicitud en su condici\u00f3n de representante legal, deber\u00e1 adjuntar, adem\u00e1s de la copia de documento de acreditativo de la identidad del solicitante, un documento acreditativo de tal representaci\u00f3n. <\/p>\n<p>La autoridad de control a la que usted puede dirigirse en caso de no estar de acuerdo con la resoluci\u00f3n de las solicitudes o para presentar una reclamaci\u00f3n es la Agencia de Protecci\u00f3n de Datos: www.aepd.es<br \/>\n<span id=\"_4\"><\/span>[\/et_pb_text][et_pb_text admin_label=\u00bbSegurtasun_neurriak\u00bb module_id=\u00bbSegurtasun_neurriak\u00bb _builder_version=\u00bb4.27.4&#8243; width_last_edited=\u00bboff|desktop\u00bb global_colors_info=\u00bb{}\u00bb]<\/p>\n<h2>4. Medidas de seguridad<\/h2>\n<p><em>HSHG<\/em> tratar\u00e1 los datos personales contenidos en sus tratamientos de datos adoptando las medidas de \u00edndole t\u00e9cnica y organizativa que sean necesarias para garantizar su seguridad y evitar su alteraci\u00f3n, p\u00e9rdida, tratamiento o acceso no autorizado, habida cuenta del estado de la tecnolog\u00eda, la naturaleza de los datos almacenados y los riesgos a que est\u00e1n expuestos, ya provengan de la acci\u00f3n humana o del medio f\u00edsico o natural, de acuerdo con la legislaci\u00f3n vigente que resulte de aplicaci\u00f3n en materia de medidas de seguridad de los tratamientos de datos personales. Sin embargo, los usuarios son informados de que las medidas de seguridad inform\u00e1tica no son inexpugnables y no se est\u00e1 a salvo de posibles intromisiones ilegales e indebidas, que no ser\u00edan responsabilidad de <em>HSHG<\/em>.<br \/>\n<span id=\"_5\"><\/span>[\/et_pb_text][et_pb_text admin_label=\u00bbTrafiko-datuak\u00bb module_id=\u00bbTrafiko-datuak\u00bb _builder_version=\u00bb4.27.4&#8243; width_last_edited=\u00bboff|desktop\u00bb global_colors_info=\u00bb{}\u00bb]<\/p>\n<h2>5. Datos de tr\u00e1fico<\/h2>\n<p><em>HSHG<\/em> con la finalidad de ofrecer un mejor servicio a trav\u00e9s de este sitio web, puede registrar la direcci\u00f3n IP del dispositivo del usuario, permiti\u00e9ndose as\u00ed el posterior procesamiento de los datos con el fin de analizar entre otros el n\u00famero de p\u00e1ginas visitadas, el n\u00famero de visitas, as\u00ed como la actividad de los visitantes\/usuarios del sitio web, y su frecuencia de utilizaci\u00f3n. <\/p>\n<p>El Usuario da su consentimiento previo a <em>HSHG<\/em> e informado al registro de la IP de su dispositivo durante la conexi\u00f3n y navegaci\u00f3n en el sitio web, sin que sea necesario solicitarlo cada vez que acceda a este sitio web. <\/p>\n<p>Con la finalidad ya mencionada, este sitio puede ser medido y analizado con Google Analytics y\/o herramientas similares, que pueden utilizar marcas en las p\u00e1ginas y cookies para analizar lo que sucede en las diferentes p\u00e1ginas del sitio web de <em>HSHG<\/em>.<br \/>\n<span id=\"_6\"><\/span>[\/et_pb_text][et_pb_text admin_label=\u00bbIndarraldia\u00bb module_id=\u00bbIndarraldia\u00bb _builder_version=\u00bb4.27.4&#8243; width_last_edited=\u00bboff|desktop\u00bb global_colors_info=\u00bb{}\u00bb]<\/p>\n<h2>6. Vigencia<\/h2>\n<p>Las relaciones establecidas entre <em>HSHG<\/em> y el usuario se regir\u00e1n por lo dispuesto en la normativa vigente acerca de la legislaci\u00f3n aplicable y la jurisdicci\u00f3n competente. No obstante, para los casos en los que la normativa prevea la posibilidad a las partes de someterse a un fuero, <em>HSHG<\/em> y el usuario, con renuncia expresa a cualquier otro fuero que pudiera corresponderles, se someten a los Juzgados y Tribunales de Bilbao (Bizkaia). No obstante, las normas que se encuentren previstas en el momento en que el usuario acceda al sitio web regir\u00e1n la relaci\u00f3n con los usuarios. Por lo tanto, <em>HSHG<\/em> recomienda que acceda peri\u00f3dicamente a esta pol\u00edtica de privacidad.<\/p>\n<p>En el caso de que el usuario incumpla estas condiciones o haga un uso indebido de los contenidos expuestos en el sitio web, <em>HSHG<\/em> adoptar\u00e1 las medidas civiles y penales previstas en la legislaci\u00f3n vigente para sancionar estos incumplimientos.<br \/>\n<span id=\"_7\"><\/span>[\/et_pb_text][et_pb_text admin_label=\u00bbJurisdikzioa\u00bb module_id=\u00bbJurisdikzioa\u00bb _builder_version=\u00bb4.27.4&#8243; width_last_edited=\u00bboff|desktop\u00bb global_colors_info=\u00bb{}\u00bb]<\/p>\n<h2>7. Jurisdicci\u00f3n<\/h2>\n<p>La relaci\u00f3n creada entre <em>HSHG<\/em> y el usuario se regir\u00e1 por lo dispuesto en la normativa vigente acerca de la legislaci\u00f3n aplicable y la jurisdicci\u00f3n competente. En todo caso, si la normativa preve\u00eda que las partes debieran someterse a un fuero, <em>HSHG<\/em> y el usuario, con renuncia expresa a cualquier otro fuero que pudiera corresponderles, se someter\u00e1n a los Juzgados y Tribunales de Bilbao.<\/p>\n<p>En el caso de que el usuario incumpla estas condiciones o haga un uso indebido de los contenidos expuestos en el sitio web, <em>HSHG<\/em> adoptar\u00e1 las medidas civiles y penales previstas en la legislaci\u00f3n vigente para sancionar estos incumplimientos.[\/et_pb_text][\/et_pb_column][\/et_pb_row][\/et_pb_section]<\/p>\n","protected":false},"excerpt":{"rendered":"<p>1. Introducci\u00f3n En cumplimiento de la normativa sobre Protecci\u00f3n de Datos Personales, se informa a los usuarios que los datos personales que faciliten mediante correo electr\u00f3nico, enviados a trav\u00e9s de formularios ubicados en este sitio web o por cualquier otro medio ubicado en este sitio web ser\u00e1n incorporados a tratamiento de datos titularidad de HSHG [&hellip;]<\/p>\n","protected":false},"author":1,"featured_media":0,"parent":0,"menu_order":0,"comment_status":"closed","ping_status":"closed","template":"","meta":{"_et_pb_use_builder":"on","_et_pb_old_content":"","_et_gb_content_width":"","footnotes":""},"class_list":["post-164","page","type-page","status-publish","hentry"],"_links":{"self":[{"href":"https:\/\/hshg.eus\/es\/wp-json\/wp\/v2\/pages\/164","targetHints":{"allow":["GET"]}}],"collection":[{"href":"https:\/\/hshg.eus\/es\/wp-json\/wp\/v2\/pages"}],"about":[{"href":"https:\/\/hshg.eus\/es\/wp-json\/wp\/v2\/types\/page"}],"author":[{"embeddable":true,"href":"https:\/\/hshg.eus\/es\/wp-json\/wp\/v2\/users\/1"}],"replies":[{"embeddable":true,"href":"https:\/\/hshg.eus\/es\/wp-json\/wp\/v2\/comments?post=164"}],"version-history":[{"count":1,"href":"https:\/\/hshg.eus\/es\/wp-json\/wp\/v2\/pages\/164\/revisions"}],"predecessor-version":[{"id":711,"href":"https:\/\/hshg.eus\/es\/wp-json\/wp\/v2\/pages\/164\/revisions\/711"}],"wp:attachment":[{"href":"https:\/\/hshg.eus\/es\/wp-json\/wp\/v2\/media?parent=164"}],"curies":[{"name":"wp","href":"https:\/\/api.w.org\/{rel}","templated":true}]}}