{"id":240,"date":"2025-03-18T09:04:40","date_gmt":"2025-03-18T09:04:40","guid":{"rendered":"https:\/\/hshg.eus\/tienda\/"},"modified":"2025-10-02T09:04:58","modified_gmt":"2025-10-02T09:04:58","slug":"tienda","status":"publish","type":"page","link":"https:\/\/hshg.eus\/es\/","title":{"rendered":"Tienda"},"content":{"rendered":"<p>[et_pb_section fb_built=\u00bb1&#8243; _builder_version=\u00bb4.27.4&#8243; _module_preset=\u00bbdefault\u00bb background_size=\u00bbinitial\u00bb background_position=\u00bbtop_left\u00bb background_repeat=\u00bbrepeat\u00bb custom_padding=\u00bb0px|||||\u00bb hover_enabled=\u00bb0&#8243; global_colors_info=\u00bb{}\u00bb background_color=\u00bb#fbf7f2&#8243; sticky_enabled=\u00bb0&#8243; background_enable_image=\u00bboff\u00bb][et_pb_row _builder_version=\u00bb4.27.4&#8243; _module_preset=\u00bbdefault\u00bb background_image=\u00bbhttps:\/\/hshg.eus\/bitartekoak\/osagarriak\/mediak\/2025\/04\/kerizpea_xl-4.jpg\u00bb background_size=\u00bbcontain\u00bb background_position=\u00bbtop_left\u00bb custom_padding=\u00bb30px|||||\u00bb hover_enabled=\u00bb0&#8243; global_colors_info=\u00bb{}\u00bb background_color=\u00bb#fbf7f2&#8243; background_blend=\u00bbmultiply\u00bb sticky_enabled=\u00bb0&#8243;][et_pb_column type=\u00bb4_4&#8243; _builder_version=\u00bb4.27.4&#8243; _module_preset=\u00bbdefault\u00bb global_colors_info=\u00bb{}\u00bb][et_pb_text _builder_version=\u00bb4.27.4&#8243; _module_preset=\u00bbdefault\u00bb text_font_size=\u00bb10px\u00bb hover_enabled=\u00bb0&#8243; global_colors_info=\u00bb{}\u00bb sticky_enabled=\u00bb0&#8243; background_enable_color=\u00bboff\u00bb]<\/p>\n<pre><em>\u00daltima actualizaci\u00f3n \u2014 29.09.2025<\/em><\/pre>\n<p>[\/et_pb_text][et_pb_shop type=\u00bblatest\u00bb posts_number=\u00bb100&#8243; _builder_version=\u00bb4.27.4&#8243; _module_preset=\u00bbdefault\u00bb locked=\u00bboff\u00bb global_colors_info=\u00bb{}\u00bb][\/et_pb_shop][\/et_pb_column][\/et_pb_row][\/et_pb_section][et_pb_section fb_built=\u00bb1&#8243; admin_label=\u00bbBidalketa Blurb-ak &#8211; Section\u00bb _builder_version=\u00bb4.27.4&#8243; _module_preset=\u00bbdefault\u00bb background_color=\u00bb#fbf7f2&#8243; scroll_vertical_motion=\u00bb0|50|50|100|4|0|0&#8243; hover_enabled=\u00bb0&#8243; border_width_top=\u00bb1px\u00bb locked=\u00bboff\u00bb global_colors_info=\u00bb{}\u00bb sticky_enabled=\u00bb0&#8243;][et_pb_row column_structure=\u00bb1_4,1_4,1_4,1_4&#8243; _builder_version=\u00bb4.27.4&#8243; _module_preset=\u00bbdefault\u00bb global_colors_info=\u00bb{}\u00bb][et_pb_column type=\u00bb1_4&#8243; _builder_version=\u00bb4.27.4&#8243; _module_preset=\u00bbdefault\u00bb global_colors_info=\u00bb{}\u00bb][et_pb_blurb title=\u00bbEnv\u00edos gratuitos\u00bb image_icon_background_color=\u00bbRGBA(255,255,255,0)\u00bb image=\u00bbhttps:\/\/hshg.eus\/bitartekoak\/osagarriak\/mediak\/2025\/03\/Bidalketa-Doan-Bltz-1.svg\u00bb icon_placement=\u00bbleft\u00bb image_icon_width=\u00bb200%\u00bb _builder_version=\u00bb4.27.4&#8243; _module_preset=\u00bbdefault\u00bb header_font=\u00bb||||||||\u00bb image_icon_custom_margin=\u00bb-10px|0px||-5px|false|false\u00bb image_icon_custom_padding=\u00bb|20px|||false|false\u00bb scroll_vertical_motion=\u00bb0|50|50|100|2.5|0|0&#8243; global_colors_info=\u00bb{}\u00bb]<\/p>\n<p>Los env\u00edos a Euskal Herria y pa\u00edses vecinos son gratuitos.<\/p>\n<p>[\/et_pb_blurb][\/et_pb_column][et_pb_column type=\u00bb1_4&#8243; _builder_version=\u00bb4.27.4&#8243; _module_preset=\u00bbdefault\u00bb global_colors_info=\u00bb{}\u00bb][et_pb_blurb title=\u00bbServicio r\u00e1pido\u00bb image_icon_background_color=\u00bbRGBA(255,255,255,0)\u00bb image=\u00bbhttps:\/\/hshg.eus\/bitartekoak\/osagarriak\/mediak\/2025\/03\/Zerbitzu-Azkarra-Bltz-1.svg\u00bb icon_placement=\u00bbleft\u00bb image_icon_width=\u00bb200%\u00bb _builder_version=\u00bb4.27.4&#8243; _module_preset=\u00bbdefault\u00bb header_font=\u00bb||||||||\u00bb image_icon_custom_margin=\u00bb-10px|0px||-5px|false|false\u00bb image_icon_custom_padding=\u00bb|20px|||false|false\u00bb global_colors_info=\u00bb{}\u00bb]<\/p>\n<p>El periodo medio de recepci\u00f3n de la solicitud es de 24 a 48 horas.<\/p>\n<p>[\/et_pb_blurb][\/et_pb_column][et_pb_column type=\u00bb1_4&#8243; _builder_version=\u00bb4.27.4&#8243; _module_preset=\u00bbdefault\u00bb global_colors_info=\u00bb{}\u00bb][et_pb_blurb title=\u00bbDevoluci\u00f3n sencilla\u00bb image_icon_background_color=\u00bbRGBA(255,255,255,0)\u00bb image=\u00bbhttps:\/\/hshg.eus\/bitartekoak\/osagarriak\/mediak\/2025\/03\/Itzulketa-Erraza-Bltz-1.svg\u00bb icon_placement=\u00bbleft\u00bb image_icon_width=\u00bb200%\u00bb _builder_version=\u00bb4.27.4&#8243; _module_preset=\u00bbdefault\u00bb header_font=\u00bb||||||||\u00bb image_icon_custom_margin=\u00bb-10px|0px||-5px|false|false\u00bb image_icon_custom_padding=\u00bb|20px|||false|false\u00bb scroll_vertical_motion=\u00bb0|50|50|100|4.5|0|0&#8243; global_colors_info=\u00bb{}\u00bb]<\/p>\n<p>Si lo comprado tiene alg\u00fan defecto, todos los costes de env\u00edo son gratuitos.<\/p>\n<p>[\/et_pb_blurb][\/et_pb_column][et_pb_column type=\u00bb1_4&#8243; _builder_version=\u00bb4.27.4&#8243; _module_preset=\u00bbdefault\u00bb global_colors_info=\u00bb{}\u00bb][et_pb_blurb title=\u00bbPago Seguro\u00bb image_icon_background_color=\u00bbRGBA(255,255,255,0)\u00bb image=\u00bbhttps:\/\/hshg.eus\/bitartekoak\/osagarriak\/mediak\/2025\/03\/Ordainketa-Segurua-Bltz-1.svg\u00bb icon_placement=\u00bbleft\u00bb image_icon_width=\u00bb200%\u00bb _builder_version=\u00bb4.27.4&#8243; _module_preset=\u00bbdefault\u00bb header_font=\u00bb||||||||\u00bb image_icon_custom_margin=\u00bb-10px|0px||-5px|false|false\u00bb image_icon_custom_padding=\u00bb|20px|||false|false\u00bb global_colors_info=\u00bb{}\u00bb]<\/p>\n<p>Con el cifrado SSL tienes la garant\u00eda de m\u00e9todos seguros protegidos.<\/p>\n<p>[\/et_pb_blurb][\/et_pb_column][\/et_pb_row][\/et_pb_section]<\/p>\n","protected":false},"excerpt":{"rendered":"<p>\u00daltima actualizaci\u00f3n \u2014 29.09.2025Los env\u00edos a Euskal Herria y pa\u00edses vecinos son gratuitos.El periodo medio de recepci\u00f3n de la solicitud es de 24 a 48 horas.Si lo comprado tiene alg\u00fan defecto, todos los costes de env\u00edo son gratuitos.Con el cifrado SSL tienes la garant\u00eda de m\u00e9todos seguros protegidos.<\/p>\n","protected":false},"author":1,"featured_media":0,"parent":0,"menu_order":0,"comment_status":"closed","ping_status":"closed","template":"","meta":{"_et_pb_use_builder":"on","_et_pb_old_content":"","_et_gb_content_width":"","footnotes":""},"class_list":["post-240","page","type-page","status-publish","hentry"],"_links":{"self":[{"href":"https:\/\/hshg.eus\/es\/wp-json\/wp\/v2\/pages\/240","targetHints":{"allow":["GET"]}}],"collection":[{"href":"https:\/\/hshg.eus\/es\/wp-json\/wp\/v2\/pages"}],"about":[{"href":"https:\/\/hshg.eus\/es\/wp-json\/wp\/v2\/types\/page"}],"author":[{"embeddable":true,"href":"https:\/\/hshg.eus\/es\/wp-json\/wp\/v2\/users\/1"}],"replies":[{"embeddable":true,"href":"https:\/\/hshg.eus\/es\/wp-json\/wp\/v2\/comments?post=240"}],"version-history":[{"count":1,"href":"https:\/\/hshg.eus\/es\/wp-json\/wp\/v2\/pages\/240\/revisions"}],"predecessor-version":[{"id":3007,"href":"https:\/\/hshg.eus\/es\/wp-json\/wp\/v2\/pages\/240\/revisions\/3007"}],"wp:attachment":[{"href":"https:\/\/hshg.eus\/es\/wp-json\/wp\/v2\/media?parent=240"}],"curies":[{"name":"wp","href":"https:\/\/api.w.org\/{rel}","templated":true}]}}