{"id":713,"date":"2025-03-24T13:01:28","date_gmt":"2025-03-24T13:01:28","guid":{"rendered":"https:\/\/hshg.eus\/politica-de-devoluciones\/"},"modified":"2025-03-24T20:39:18","modified_gmt":"2025-03-24T20:39:18","slug":"politica-de-devoluciones","status":"publish","type":"page","link":"https:\/\/hshg.eus\/es\/politica-de-devoluciones\/","title":{"rendered":"Pol\u00edtica de Devoluciones"},"content":{"rendered":"<p>[et_pb_section fb_built=\u00bb1&#8243; _builder_version=\u00bb4.16&#8243; background_image=\u00bbhttps:\/\/hshg.eus\/bitartekoak\/osagarriak\/mediak\/2025\/03\/kerizpea_xl-1.jpg\u00bb background_size=\u00bbcontain\u00bb background_position=\u00bbtop_left\u00bb custom_padding=\u00bb60px||100px||false|false\u00bb global_colors_info=\u00bb{}\u00bb][et_pb_row column_structure=\u00bb1_3,2_3&#8243; module_class=\u00bbtestuLegalak\u00bb _builder_version=\u00bb4.24.3&#8243; width=\u00bb100%\u00bb max_width=\u00bb1700px\u00bb custom_margin=\u00bb|0px||0px|false|false\u00bb custom_padding=\u00bb|8.33%||8.33%|false|false\u00bb global_colors_info=\u00bb{}\u00bb][et_pb_column type=\u00bb1_3&#8243; disabled_on=\u00bbon|on|off\u00bb _builder_version=\u00bb4.16&#8243; global_colors_info=\u00bb{}\u00bb][et_pb_button button_url=\u00bb@ET-DC@eyJkeW5hbWljIjp0cnVlLCJjb250ZW50IjoicG9zdF9saW5rX3VybF9wYWdlIiwic2V0dGluZ3MiOnsicG9zdF9pZCI6IjI3NiJ9fQ==@\u00bb button_text=\u00bbAviso legal\u00bb _builder_version=\u00bb4.24.3&#8243; _dynamic_attributes=\u00bbbutton_url\u00bb custom_button=\u00bbon\u00bb button_text_size=\u00bb14px\u00bb button_border_width=\u00bb1px\u00bb button_border_color=\u00bb#000000&#8243; custom_margin=\u00bb||20px||false|false\u00bb button_border_width_tablet=\u00bb1px\u00bb button_border_width_phone=\u00bb1px\u00bb button_border_width_last_edited=\u00bbon|desktop\u00bb global_colors_info=\u00bb{}\u00bb button_bg_color__hover_enabled=\u00bbon|hover\u00bb button_bg_color__hover=\u00bb#FFFFFF\u00bb button_bg_enable_color__hover=\u00bbon\u00bb button_border_width__hover_enabled=\u00bbon|hover\u00bb button_border_width__hover=\u00bb1px\u00bb][\/et_pb_button][et_pb_button button_url=\u00bb@ET-DC@eyJkeW5hbWljIjp0cnVlLCJjb250ZW50IjoicG9zdF9saW5rX3VybF9wYWdlIiwic2V0dGluZ3MiOnsicG9zdF9pZCI6IjI0OCJ9fQ==@\u00bb button_text=\u00bbPol\u00edtica de privacidad\u00bb _builder_version=\u00bb4.24.3&#8243; _dynamic_attributes=\u00bbbutton_url\u00bb custom_button=\u00bbon\u00bb button_text_size=\u00bb14px\u00bb button_border_width=\u00bb1px\u00bb button_border_color=\u00bb#000000&#8243; custom_margin=\u00bb||20px||false|false\u00bb button_border_width_tablet=\u00bb1px\u00bb button_border_width_phone=\u00bb1px\u00bb button_border_width_last_edited=\u00bbon|desktop\u00bb global_colors_info=\u00bb{}\u00bb button_border_width__hover=\u00bb1px\u00bb button_border_width__hover_enabled=\u00bbon|hover\u00bb button_bg_color__hover=\u00bb#FFFFFF\u00bb button_bg_color__hover_enabled=\u00bbon|hover\u00bb][\/et_pb_button][et_pb_button button_url=\u00bb@ET-DC@eyJkeW5hbWljIjp0cnVlLCJjb250ZW50IjoicG9zdF9saW5rX3VybF9wYWdlIiwic2V0dGluZ3MiOnsicG9zdF9pZCI6IjEzMyJ9fQ==@\u00bb button_text=\u00bbPol\u00edtica de cookies\u00bb _builder_version=\u00bb4.27.4&#8243; _dynamic_attributes=\u00bbbutton_url\u00bb custom_button=\u00bbon\u00bb button_text_size=\u00bb14px\u00bb button_border_width=\u00bb1px\u00bb button_border_color=\u00bb#000000&#8243; custom_margin=\u00bb||20px||false|false\u00bb button_border_width_tablet=\u00bb1px\u00bb button_border_width_phone=\u00bb1px\u00bb button_border_width_last_edited=\u00bbon|desktop\u00bb global_colors_info=\u00bb{}\u00bb button_border_width__hover=\u00bb1px\u00bb button_border_width__hover_enabled=\u00bbon|hover\u00bb button_bg_color__hover=\u00bb#FFFFFF\u00bb button_bg_color__hover_enabled=\u00bbon|hover\u00bb][\/et_pb_button][\/et_pb_column][et_pb_column type=\u00bb2_3&#8243; _builder_version=\u00bb4.16&#8243; global_colors_info=\u00bb{}\u00bb][et_pb_text admin_label=\u00bbZer dira cookie-ak?\u00bb _builder_version=\u00bb4.27.4&#8243; width_last_edited=\u00bboff|desktop\u00bb hover_enabled=\u00bb0&#8243; global_colors_info=\u00bb{}\u00bb sticky_enabled=\u00bb0&#8243;]<\/p>\n<h2>El plazo para hacer la reclamaci\u00f3n de una devoluci\u00f3n es de 14 d\u00edas<\/h2>\n<p class=\"p1\">Transcurridos 14 d\u00edas desde la formalizaci\u00f3n de la compra, no se proceder\u00e1 a la devoluci\u00f3n del dinero ni a ning\u00fan tipo de modificaci\u00f3n del pedido.<\/p>\n<p>[\/et_pb_text][et_pb_text admin_label=\u00bbNolako cookie-ak\u00bb _builder_version=\u00bb4.27.4&#8243; width_last_edited=\u00bboff|desktop\u00bb hover_enabled=\u00bb0&#8243; global_colors_info=\u00bb{}\u00bb sticky_enabled=\u00bb0&#8243;]<\/p>\n<h2>Devoluciones<\/h2>\n<p>Para poder realizar una devoluci\u00f3n, el producto no puede estar utilizado y debe estar en las mismas condiciones en las que se recibe. Tambi\u00e9n debe estar en el envoltorio original y debe contener todas las etiquetas. <\/p>\n<p>Para solicitar una devoluci\u00f3n, ponte en contacto por cualquier medio que facilitemos en esta web.<\/p>\n<p class=\"p1\">Sea cual sea el motivo, desde que recibes la solicitud tienes 14 d\u00edas para realizar la devoluci\u00f3n. En el caso de que la compra sea defectuosa o la recepci\u00f3n no coincida con lo indicado, HSHG abonar\u00e1 todos los costes de env\u00edo que se generen en las devoluciones. En cualquier otro caso, los gastos de mensajer\u00eda generados por la devoluci\u00f3n correr\u00e1n a cargo del comprador. En el caso de un intercambio de producto, la devoluci\u00f3n correr\u00e1 a cargo del usuario y los gastos de reenv\u00edo correr\u00e1n a cargo de HSHG.   <\/p>\n<p>[\/et_pb_text][et_pb_text admin_label=\u00bbNola desaktibatu gure cookie-ak \u00bb _builder_version=\u00bb4.27.4&#8243; width_last_edited=\u00bboff|desktop\u00bb hover_enabled=\u00bb0&#8243; global_colors_info=\u00bb{}\u00bb sticky_enabled=\u00bb0&#8243;]<\/p>\n<h2 class=\"p1\"><b>Env\u00edo de devoluciones<\/b><\/h2>\n<p class=\"p1\">Para devolver el producto, indique una direcci\u00f3n f\u00edsica y un horario, y enviaremos un mensajero a recoger el paquete. Una vez aceptada la devoluci\u00f3n, le enviaremos un correo electr\u00f3nico con la pegatina para colocarla en el paquete a devolver. <\/p>\n<p>[\/et_pb_text][et_pb_text admin_label=\u00bbNola desaktibatu gure cookie-ak \u00bb _builder_version=\u00bb4.27.4&#8243; width_last_edited=\u00bboff|desktop\u00bb hover_enabled=\u00bb0&#8243; global_colors_info=\u00bb{}\u00bb sticky_enabled=\u00bb0&#8243;]<\/p>\n<h2 class=\"p1\"><b>Cambios<\/b><\/h2>\n<p class=\"p1\">En el caso de que un art\u00edculo sea defectuoso o este da\u00f1ado, todos los gastos de mensajer\u00eda generados para el canje correr\u00e1n a cargo de HSHG. En cualquier otro caso, los gastos de devoluci\u00f3n correr\u00e1n a cargo del usuario y los de reenv\u00edo correr\u00e1n a cargo de HSHG. Si necesitas modificar alg\u00fan art\u00edculo, no dudes en ponerte en contacto.  <\/p>\n<p>[\/et_pb_text][et_pb_text admin_label=\u00bbNola desaktibatu gure cookie-ak \u00bb _builder_version=\u00bb4.27.4&#8243; width_last_edited=\u00bboff|desktop\u00bb hover_enabled=\u00bb0&#8243; global_colors_info=\u00bb{}\u00bb sticky_enabled=\u00bb0&#8243;]<\/p>\n<h2 class=\"p1\"><b>Reembolsos<\/b><\/h2>\n<p class=\"p1\">Una vez recibida e inspeccionada su devoluci\u00f3n, le enviaremos un correo electr\u00f3nico comunic\u00e1ndole la recepci\u00f3n de su env\u00edo. Asimismo, le comunicaremos que la devoluci\u00f3n ha sido aceptada o rechazada. <\/p>\n<p class=\"p1\">Si es aprobada, se procesar\u00e1 la devoluci\u00f3n y se aplicar\u00e1 autom\u00e1ticamente un cr\u00e9dito a la tarjeta de cr\u00e9dito original o al m\u00e9todo de pago escogido dentro de un n\u00famero determinado de d\u00edas.<\/p>\n<p class=\"p1\">Devoluciones aplazadas o pendientes:<\/p>\n<ul>\n<li class=\"p1\">Si a\u00fan no has recibido ninguna devoluci\u00f3n, primero vuelve a mirar tu cuenta bancaria.<\/li>\n<li class=\"p1\">Despu\u00e9s, comunica tu tarjeta de cr\u00e9dito a la compa\u00f1\u00eda, puede tomarse un tiempo antes de que la devoluci\u00f3n se publique oficialmente.<\/li>\n<li class=\"p1\">A continuaci\u00f3n, p\u00f3ngase en contacto con su banco. Muchas veces hay un tiempo de procesamiento antes de devolver el dinero. <\/li>\n<li class=\"p1\">Si has hecho todo esto y a\u00fan no has recibido tu reembolso, ponte en contacto con nosotros.<\/li>\n<\/ul>\n<p class=\"p1\">Recargos:<\/p>\n<p class=\"p1\">Si existiera un recargo imputable al usuario que haya comprado el art\u00edculo, como los gastos de devoluci\u00f3n, tal y como se indica en el punto Devoluciones, este importe se descontar\u00e1 al realizar la devoluci\u00f3n. En el caso de las devoluciones, este importe variar\u00e1 en funci\u00f3n del lugar donde se realice la devoluci\u00f3n. En el momento de la redacci\u00f3n de este texto el importe m\u00ednimo era de 5 \u20ac.  <\/p>\n<p>[\/et_pb_text][et_pb_text admin_label=\u00bbNola desaktibatu gure cookie-ak \u00bb _builder_version=\u00bb4.27.4&#8243; width_last_edited=\u00bboff|desktop\u00bb global_colors_info=\u00bb{}\u00bb]<\/p>\n<h2 class=\"p1\"><b>Art\u00edculos con descuento<\/b><\/h2>\n<p class=\"p1\">S\u00f3lo se pueden devolver art\u00edculos con precio regular. Los art\u00edculos con descuento no se pueden devolver. <\/p>\n<p>&nbsp;<\/p>\n<p>[\/et_pb_text][\/et_pb_column][\/et_pb_row][\/et_pb_section]<\/p>\n","protected":false},"excerpt":{"rendered":"<p>El plazo para hacer la reclamaci\u00f3n de una devoluci\u00f3n es de 14 d\u00edas Transcurridos 14 d\u00edas desde la formalizaci\u00f3n de la compra, no se proceder\u00e1 a la devoluci\u00f3n del dinero ni a ning\u00fan tipo de modificaci\u00f3n del pedido.Devoluciones Para poder realizar una devoluci\u00f3n, el producto no puede estar utilizado y debe estar en las mismas [&hellip;]<\/p>\n","protected":false},"author":1,"featured_media":0,"parent":0,"menu_order":0,"comment_status":"closed","ping_status":"closed","template":"","meta":{"_et_pb_use_builder":"on","_et_pb_old_content":"","_et_gb_content_width":"","footnotes":""},"class_list":["post-713","page","type-page","status-publish","hentry"],"_links":{"self":[{"href":"https:\/\/hshg.eus\/es\/wp-json\/wp\/v2\/pages\/713","targetHints":{"allow":["GET"]}}],"collection":[{"href":"https:\/\/hshg.eus\/es\/wp-json\/wp\/v2\/pages"}],"about":[{"href":"https:\/\/hshg.eus\/es\/wp-json\/wp\/v2\/types\/page"}],"author":[{"embeddable":true,"href":"https:\/\/hshg.eus\/es\/wp-json\/wp\/v2\/users\/1"}],"replies":[{"embeddable":true,"href":"https:\/\/hshg.eus\/es\/wp-json\/wp\/v2\/comments?post=713"}],"version-history":[{"count":1,"href":"https:\/\/hshg.eus\/es\/wp-json\/wp\/v2\/pages\/713\/revisions"}],"predecessor-version":[{"id":728,"href":"https:\/\/hshg.eus\/es\/wp-json\/wp\/v2\/pages\/713\/revisions\/728"}],"wp:attachment":[{"href":"https:\/\/hshg.eus\/es\/wp-json\/wp\/v2\/media?parent=713"}],"curies":[{"name":"wp","href":"https:\/\/api.w.org\/{rel}","templated":true}]}}