{"id":2265,"date":"2026-04-23T12:50:39","date_gmt":"2026-04-23T12:50:39","guid":{"rendered":"https:\/\/hshg.eus\/?post_type=product&#038;p=2265"},"modified":"2026-03-27T12:36:17","modified_gmt":"2026-03-27T12:36:17","slug":"ura","status":"publish","type":"product","link":"https:\/\/hshg.eus\/es\/producto\/ura\/","title":{"rendered":"Ura"},"content":{"rendered":"<p>[et_pb_section fb_built=\u00bb1&#8243; _builder_version=\u00bb4.16&#8243; custom_padding=\u00bb0px||||false|false\u00bb global_colors_info=\u00bb{}\u00bb][et_pb_row _builder_version=\u00bb4.16&#8243; background_size=\u00bbinitial\u00bb background_position=\u00bbtop_left\u00bb background_repeat=\u00bbrepeat\u00bb width=\u00bb100%\u00bb custom_padding=\u00bb0px||0px||false|false\u00bb global_colors_info=\u00bb{}\u00bb][et_pb_column type=\u00bb4_4&#8243; _builder_version=\u00bb4.16&#8243; custom_padding=\u00bb|||\u00bb global_colors_info=\u00bb{}\u00bb custom_padding__hover=\u00bb|||\u00bb][et_pb_wc_breadcrumb _builder_version=\u00bb4.16&#8243; global_colors_info=\u00bb{}\u00bb][\/et_pb_wc_breadcrumb][et_pb_wc_cart_notice _builder_version=\u00bb4.16&#8243; global_colors_info=\u00bb{}\u00bb][\/et_pb_wc_cart_notice][\/et_pb_column][\/et_pb_row][et_pb_row column_structure=\u00bb1_2,1_2&#8243; _builder_version=\u00bb4.16&#8243; background_size=\u00bbinitial\u00bb background_position=\u00bbtop_left\u00bb background_repeat=\u00bbrepeat\u00bb width=\u00bb100%\u00bb custom_padding=\u00bb0px||||false|false\u00bb global_colors_info=\u00bb{}\u00bb][et_pb_column type=\u00bb1_2&#8243; _builder_version=\u00bb4.16&#8243; custom_padding=\u00bb|||\u00bb global_colors_info=\u00bb{}\u00bb custom_padding__hover=\u00bb|||\u00bb][et_pb_wc_images _builder_version=\u00bb4.16&#8243; global_colors_info=\u00bb{}\u00bb][\/et_pb_wc_images][\/et_pb_column][et_pb_column type=\u00bb1_2&#8243; _builder_version=\u00bb4.16&#8243; custom_padding=\u00bb|||\u00bb global_colors_info=\u00bb{}\u00bb custom_padding__hover=\u00bb|||\u00bb][et_pb_wc_title _builder_version=\u00bb4.16&#8243; global_colors_info=\u00bb{}\u00bb][\/et_pb_wc_title][et_pb_wc_rating _builder_version=\u00bb4.16&#8243; global_colors_info=\u00bb{}\u00bb][\/et_pb_wc_rating][et_pb_wc_price _builder_version=\u00bb4.16&#8243; global_colors_info=\u00bb{}\u00bb][\/et_pb_wc_price][et_pb_wc_description _builder_version=\u00bb4.16&#8243; global_colors_info=\u00bb{}\u00bb][\/et_pb_wc_description][et_pb_wc_add_to_cart _builder_version=\u00bb4.16&#8243; global_colors_info=\u00bb{}\u00bb][\/et_pb_wc_add_to_cart][et_pb_wc_meta _builder_version=\u00bb4.16&#8243; global_colors_info=\u00bb{}\u00bb][\/et_pb_wc_meta][\/et_pb_column][\/et_pb_row][et_pb_row _builder_version=\u00bb4.27.4&#8243; background_size=\u00bbinitial\u00bb background_position=\u00bbtop_left\u00bb background_repeat=\u00bbrepeat\u00bb width=\u00bb100%\u00bb custom_margin=\u00bb||||false|false\u00bb custom_padding=\u00bb||||false|false\u00bb collapsed=\u00bboff\u00bb global_colors_info=\u00bb{}\u00bb][et_pb_column type=\u00bb4_4&#8243; _builder_version=\u00bb4.16&#8243; custom_padding=\u00bb|||\u00bb global_colors_info=\u00bb{}\u00bb custom_padding__hover=\u00bb|||\u00bb][et_pb_text _builder_version=\u00bb4.27.4&#8243; _module_preset=\u00bbdefault\u00bb custom_padding=\u00bb||55px||false|false\u00bb custom_css_free_form=\u00bb\/*||* Prefixed by https:\/\/autoprefixer.github.io||* PostCSS: v8.4.14,||* Autoprefixer: v10.4.7||* Browsers: last 4 version||*\/||||.ezaugarri-ngs {|| display: -webkit-box;|| display: -ms-flexbox;|| display: flex;|| -webkit-box-orient: horizontal;|| -webkit-box-direction: normal;|| -ms-flex-direction: row;|| flex-direction: row;||}||.ezaugarri-a, .ezaugarri-b {|| width: 50%;||}||.ezaugarri-b {|| display: -webkit-box;|| display: -ms-flexbox;|| display: flex;|| -webkit-box-orient: horizontal;|| -webkit-box-direction: normal;|| -ms-flex-direction: row;|| flex-direction: row;||}||.zgrr-tst {max-width:160px;border-left:1px solid #dadada;padding:0 0 0 10%;}||.zgrr-rd {|| padding: 0 10% 0 5%;||}||.zgrr-rd img {width:100%;max-width:200px;}||.zgrr-tst p:first-child {padding-top:25px;}||.zgrr-tst p {|| font-size: 0.7em;|| line-height:1em;||}||.ezaugarri-taula {|| width: 95%;|| border-collapse: collapse;|| background-color: white;|| border-spacing: 0;||}||||.ezaugarri-taula th {|| text-align: left;|| font-weight: bold;|| padding: 12px!important;|| width: 14.28%;||}||||.ezaugarri-taula td {|| padding: 12px!important;|| width: 14.28%;||}||||.ezaugarri-taula tr {|| border-bottom: 1px solid black;||}||||.ezaugarri-taula tr:last-child {|| border-bottom: none;||}||@media (min-width: 800px) and (max-width: 1080px) { ||.ezaugarri-taula td:last-child {width: 10%;}||}||@media (max-width: 799px) { ||.ezaugarri-ngs { -webkit-box-orient: vertical; -webkit-box-direction: normal; -ms-flex-direction: column; flex-direction: column;}||.ezaugarri-a, .ezaugarri-b {width: 100%;}||.ezaugarri-b {padding:10% 0 10% 0;}||.ezaugarri-taula {width: 100%;}||.zgrr-rd img {max-width:100%;}||.zgrr-rd {width:58%;padding: 0 10% 0 0;}||.zgrr-tst {width:42%;}||}\u00bb global_colors_info=\u00bb{}\u00bb]<\/p>\n<div class=\"ezaugarri-ngs\">\n<div class=\"ezaugarri-a\">\n<table class=\"ezaugarri-taula\">\n<tbody>\n<tr>\n<th><\/th>\n<th>XS<\/th>\n<th>S<\/th>\n<th>M<\/th>\n<th>L<\/th>\n<th>XL<\/th>\n<th>XXL<\/th>\n<\/tr>\n<tr>\n<th>A<\/th>\n<td>57<\/td>\n<td>59.5<\/td>\n<td>62<\/td>\n<td>65.5<\/td>\n<td>69<\/td>\n<td>72.5<\/td>\n<\/tr>\n<tr>\n<th>B<\/th>\n<td>67<\/td>\n<td>70<\/td>\n<td>72<\/td>\n<td>74<\/td>\n<td>76<\/td>\n<td>78<\/td>\n<\/tr>\n<tr>\n<th>C<\/th>\n<td>64.5<\/td>\n<td>68.5<\/td>\n<td>70<\/td>\n<td>71.5<\/td>\n<td>73<\/td>\n<td>74.5<\/td>\n<\/tr>\n<\/tbody>\n<\/table>\n<\/div>\n<div class=\"ezaugarri-b\">\n<div class=\"zgrr-rd\"><img decoding=\"async\" src=\"\/bitartekoak\/irudiak\/neurrien-gida\/25NTK043.svg\"><\/div>\n<div class=\"zgrr-tst\">\n<p><strong>Certificados<\/strong><\/p>\n<p>GLOBAL RECYCLED, STANDARD, EVE VEGAN.<\/p>\n<p style=\"padding-top: 1em;\"><strong>Instrucciones de cuidado<\/strong><\/p>\n<p>Voltear la camiseta y lavar con tejidos de un color similar, para planchar voltear tambien la camiseta.<\/p>\n<\/div>\n<\/div>\n<\/div>\n<p>[\/et_pb_text][et_pb_wc_upsells _builder_version=\u00bb4.16&#8243; global_colors_info=\u00bb{}\u00bb][\/et_pb_wc_upsells][et_pb_wc_related_products include_categories=\u00bb30,28&#8243; _builder_version=\u00bb4.27.4&#8243; global_colors_info=\u00bb{}\u00bb][\/et_pb_wc_related_products][\/et_pb_column][\/et_pb_row][\/et_pb_section]<\/p>\n","protected":false},"excerpt":{"rendered":"<p><strong>Descripci\u00f3n: <\/strong>Cortavientos azul. Manga pegada. Espalda m\u00e1s larga con el bajo curvado para una mayor protecci\u00f3n. Bajo con tope de pl\u00e1stico ajustable y cord\u00f3n el\u00e1stico. Visera impermeable. Capucha forrada con tope de pl\u00e1stico ajustable y cord\u00f3n el\u00e1stico en el interior. Pu\u00f1o el\u00e1stico. <strong>Composici\u00f3n: <\/strong>100% poli\u00e9ster reciclado.      <\/p>\n","protected":false},"featured_media":3778,"comment_status":"closed","ping_status":"closed","template":"","meta":{"_et_pb_use_builder":"on","_et_pb_old_content":"","_et_gb_content_width":""},"product_brand":[],"product_cat":[69,38],"product_tag":[],"class_list":{"0":"post-2265","1":"product","2":"type-product","3":"status-publish","4":"has-post-thumbnail","6":"product_cat-2025un-es","7":"product_cat-chaquetas","9":"first","10":"instock","11":"taxable","12":"shipping-taxable","13":"purchasable","14":"product-type-variable"},"_links":{"self":[{"href":"https:\/\/hshg.eus\/es\/wp-json\/wp\/v2\/product\/2265","targetHints":{"allow":["GET"]}}],"collection":[{"href":"https:\/\/hshg.eus\/es\/wp-json\/wp\/v2\/product"}],"about":[{"href":"https:\/\/hshg.eus\/es\/wp-json\/wp\/v2\/types\/product"}],"replies":[{"embeddable":true,"href":"https:\/\/hshg.eus\/es\/wp-json\/wp\/v2\/comments?post=2265"}],"wp:featuredmedia":[{"embeddable":true,"href":"https:\/\/hshg.eus\/es\/wp-json\/wp\/v2\/media\/3778"}],"wp:attachment":[{"href":"https:\/\/hshg.eus\/es\/wp-json\/wp\/v2\/media?parent=2265"}],"wp:term":[{"taxonomy":"product_brand","embeddable":true,"href":"https:\/\/hshg.eus\/es\/wp-json\/wp\/v2\/product_brand?post=2265"},{"taxonomy":"product_cat","embeddable":true,"href":"https:\/\/hshg.eus\/es\/wp-json\/wp\/v2\/product_cat?post=2265"},{"taxonomy":"product_tag","embeddable":true,"href":"https:\/\/hshg.eus\/es\/wp-json\/wp\/v2\/product_tag?post=2265"}],"curies":[{"name":"wp","href":"https:\/\/api.w.org\/{rel}","templated":true}]}}