{"id":3485,"date":"2025-03-19T21:25:43","date_gmt":"2025-03-19T21:25:43","guid":{"rendered":"https:\/\/hshg.eus\/?post_type=product&#038;p=3485"},"modified":"2026-04-23T10:58:13","modified_gmt":"2026-04-23T10:58:13","slug":"bele-kopia","status":"publish","type":"product","link":"https:\/\/hshg.eus\/es\/producto\/bele-kopia\/","title":{"rendered":"Bele (Kopia)"},"content":{"rendered":"<p>[et_pb_section fb_built=\u00bb1&#8243; _builder_version=\u00bb4.16&#8243; custom_padding=\u00bb0px||||false|false\u00bb global_colors_info=\u00bb{}\u00bb][et_pb_row _builder_version=\u00bb4.16&#8243; background_size=\u00bbinitial\u00bb background_position=\u00bbtop_left\u00bb background_repeat=\u00bbrepeat\u00bb width=\u00bb100%\u00bb custom_padding=\u00bb0px||0px||false|false\u00bb global_colors_info=\u00bb{}\u00bb][et_pb_column type=\u00bb4_4&#8243; _builder_version=\u00bb4.16&#8243; custom_padding=\u00bb|||\u00bb global_colors_info=\u00bb{}\u00bb custom_padding__hover=\u00bb|||\u00bb][et_pb_wc_breadcrumb _builder_version=\u00bb4.16&#8243; global_colors_info=\u00bb{}\u00bb][\/et_pb_wc_breadcrumb][et_pb_wc_cart_notice _builder_version=\u00bb4.16&#8243; global_colors_info=\u00bb{}\u00bb][\/et_pb_wc_cart_notice][\/et_pb_column][\/et_pb_row][et_pb_row column_structure=\u00bb1_2,1_2&#8243; _builder_version=\u00bb4.16&#8243; background_size=\u00bbinitial\u00bb background_position=\u00bbtop_left\u00bb background_repeat=\u00bbrepeat\u00bb width=\u00bb100%\u00bb custom_padding=\u00bb0px||||false|false\u00bb global_colors_info=\u00bb{}\u00bb][et_pb_column type=\u00bb1_2&#8243; _builder_version=\u00bb4.16&#8243; custom_padding=\u00bb|||\u00bb global_colors_info=\u00bb{}\u00bb custom_padding__hover=\u00bb|||\u00bb][et_pb_wc_images _builder_version=\u00bb4.16&#8243; global_colors_info=\u00bb{}\u00bb][\/et_pb_wc_images][\/et_pb_column][et_pb_column type=\u00bb1_2&#8243; _builder_version=\u00bb4.16&#8243; custom_padding=\u00bb|||\u00bb global_colors_info=\u00bb{}\u00bb custom_padding__hover=\u00bb|||\u00bb][et_pb_wc_title _builder_version=\u00bb4.16&#8243; global_colors_info=\u00bb{}\u00bb][\/et_pb_wc_title][et_pb_wc_rating _builder_version=\u00bb4.16&#8243; global_colors_info=\u00bb{}\u00bb][\/et_pb_wc_rating][et_pb_wc_price _builder_version=\u00bb4.16&#8243; global_colors_info=\u00bb{}\u00bb][\/et_pb_wc_price][et_pb_wc_description _builder_version=\u00bb4.16&#8243; global_colors_info=\u00bb{}\u00bb][\/et_pb_wc_description][et_pb_wc_add_to_cart _builder_version=\u00bb4.16&#8243; global_colors_info=\u00bb{}\u00bb][\/et_pb_wc_add_to_cart][et_pb_wc_meta _builder_version=\u00bb4.16&#8243; global_colors_info=\u00bb{}\u00bb][\/et_pb_wc_meta][\/et_pb_column][\/et_pb_row][et_pb_row _builder_version=\u00bb4.16&#8243; background_size=\u00bbinitial\u00bb background_position=\u00bbtop_left\u00bb background_repeat=\u00bbrepeat\u00bb width=\u00bb100%\u00bb collapsed=\u00bboff\u00bb global_colors_info=\u00bb{}\u00bb][et_pb_column type=\u00bb4_4&#8243; _builder_version=\u00bb4.16&#8243; custom_padding=\u00bb|||\u00bb global_colors_info=\u00bb{}\u00bb custom_padding__hover=\u00bb|||\u00bb][et_pb_text _builder_version=\u00bb4.27.4&#8243; _module_preset=\u00bbdefault\u00bb custom_css_free_form=\u00bb\/*||* Prefixed by https:\/\/autoprefixer.github.io||* PostCSS: v8.4.14,||* Autoprefixer: v10.4.7||* Browsers: last 4 version||*\/||||.ezaugarri-ngs {||    display: -webkit-box;||    display: -ms-flexbox;||    display: flex;||    -webkit-box-orient: horizontal;||    -webkit-box-direction: normal;||        -ms-flex-direction: row;||            flex-direction: row;||}||.ezaugarri-a, .ezaugarri-b {||    width: 50%;||}||.ezaugarri-b {||    display: -webkit-box;||    display: -ms-flexbox;||    display: flex;||    -webkit-box-orient: horizontal;||    -webkit-box-direction: normal;||        -ms-flex-direction: row;||            flex-direction: row;||}||.zgrr-tst {max-width:160px;border-left:1px solid #dadada;padding:0 0 0 10%;}||.zgrr-rd {||    padding: 0 10% 0 5%;||}||.zgrr-rd img {max-width:115px;}||.zgrr-tst p:first-child {padding-top:25px;}||.zgrr-tst p {||    font-size: 0.7em;||  \tline-height:1em;||}||.ezaugarri-b .zgrr-tst img { margin-top:25px;}||.ezaugarri-taula {||    width: 95%;||    border-collapse: collapse;||    background-color: white;||    border-spacing: 0;||}||||.ezaugarri-taula th {||    text-align: left;||    font-weight: bold;||    padding: 12px!important;||    width: 10%;||}||||.ezaugarri-taula td {||    padding: 12px!important;||    width: 45%;||}||||td.oharra { line-height:1em; }||||.ezaugarri-taula tr {||    border-bottom: 1px solid black;||}||||.ezaugarri-taula tr:last-child {||    border-bottom: none;||}||@media (min-width: 800px) and (max-width: 1080px) { ||.ezaugarri-taula td:last-child {width: 10%;}||}||@media (max-width: 799px) { ||.ezaugarri-ngs { -webkit-box-orient: vertical; -webkit-box-direction: normal; -ms-flex-direction: column; flex-direction: column;}||.ezaugarri-a, .ezaugarri-b {width: 100%;}||.ezaugarri-b {padding:10% 0 10% 0;}||.ezaugarri-taula {width: 100%;}||.zgrr-rd img {max-width:100%;}||.zgrr-rd {width:58%;padding: 0 10% 0 0;}||.zgrr-tst {width:42%;}||}\u00bb global_colors_info=\u00bb{}\u00bb]<\/p>\n<div class=\"ezaugarri-ngs\">\n<div class=\"ezaugarri-a\">\n<table class=\"ezaugarri-taula\">\n<tr>\n<td>Circunferencia<\/td>\n<td>57.5 cm<\/td>\n<\/tr>\n<tr>\n<td class=\"oharra\">La mayor\u00eda de nuestros gorros son de una sola talla, pero con el cierre trasero se adaptan muy bien a la mayor\u00eda de las cabezas; no te equivocar\u00e1s.<\/td>\n<td><\/td>\n<\/tr>\n<tr>\n<td class=\"oharra\">Medir aproximadamente 2.5 cm por encima de las cejas.<\/td>\n<td><\/td>\n<\/tr>\n<\/table><\/div>\n<div class=\"ezaugarri-b\">\n<div class=\"zgrr-rd\"><img decoding=\"async\" src=\"\/bitartekoak\/irudiak\/neurrien-gida\/25UTX016-Neurriak(1).png\"><\/div>\n<div class=\"zgrr-tst\">\n<p><strong>Instrucciones de cuidado<\/strong><\/p>\n<p>Lavar a mano, no usar blanqueador, no secar en secadora, secar en posicio\u0301n horizontal, no planchar.<\/p>\n<p>                <img decoding=\"async\" src=\"\/bitartekoak\/irudiak\/neurrien-gida\/zaintza-ikurrak.svg\">\n            <\/div>\n<\/p><\/div>\n<\/div>\n<p>[\/et_pb_text][et_pb_wc_upsells _builder_version=\u00bb4.16&#8243; global_colors_info=\u00bb{}\u00bb][\/et_pb_wc_upsells][et_pb_wc_related_products include_categories=\u00bb28,29,30&#8243; _builder_version=\u00bb4.27.4&#8243; global_colors_info=\u00bb{}\u00bb][\/et_pb_wc_related_products][\/et_pb_column][\/et_pb_row][\/et_pb_section]<\/p>\n","protected":false},"excerpt":{"rendered":"<div class=\"biserak_ngs\">\n<div class=\"row\">\n<p><img decoding=\"async\" src=\"\/bitartekoak\/irudiak\/biserak\/tx-neurriak-ikonoa(1).svg\" alt=\"Snapback\"><\/p>\n<div>\n<p><strong>Talla<\/strong> \u00fanica. <strong>Peso<\/strong> 280GSM. 6 <strong>Paneles<\/strong>.<br \/>\n<strong>Di\u00e1metro<\/strong> 57.5cm<\/p>\n<\/div>\n<\/div>\n<div class=\"row\">\n<p><img decoding=\"async\" src=\"\/bitartekoak\/irudiak\/biserak\/tx-itxiera-ikonoa(1).svg\" alt=\"Snapback\"><\/p>\n<div>\n<p><strong>Cierre:<\/strong> Cierre Snapback reciclado.<\/p>\n<\/div>\n<\/div>\n<div class=\"row\">\n<p><img decoding=\"async\" src=\"\/bitartekoak\/irudiak\/biserak\/tx-aurrealdea-ikonoa(1).svg\" alt=\"Panel frontal\"><\/p>\n<div>\n<p><strong>Parte frontal:<\/strong> Laminacio\u0301n reciclada en paneles frontales.<\/p>\n<\/div>\n<\/div>\n<div class=\"row\">\n<p><img decoding=\"async\" src=\"\/bitartekoak\/irudiak\/biserak\/tx-banda-ikonoa(1).svg\" alt=\"Banda para el sudor\"><\/p>\n<div>\n<p><strong>Banda para el sudor<\/strong> en el mismo tejido que la gorra. .<\/p>\n<\/div>\n<\/div>\n<div class=\"row\">\n<p><img decoding=\"async\" src=\"\/bitartekoak\/irudiak\/biserak\/tx-ehuna-ikonoa(1).svg\" alt=\"Tejido principal\"><\/p>\n<div>\n<p><strong>80% algodo\u0301n orga\u0301nico:<\/strong> 80% algodo\u0301n orga\u0301nico, 20% sarga de algodon reciclado, lado trasero 100% polie\u0301ster reciclado.<\/p>\n<\/div>\n<\/div>\n<div class=\"row\">\n<p><img decoding=\"async\" src=\"\/bitartekoak\/irudiak\/biserak\/tx-bisera-ikonoa(1).svg\" alt=\"Visera interior\"><\/p>\n<div>\n<p><strong>Visera interior <\/strong>fabricada en pla\u0301stico 100% reciclado (PE).<\/p>\n<\/div>\n<\/div>\n<\/div>\n","protected":false},"featured_media":3487,"comment_status":"closed","ping_status":"closed","template":"","meta":{"_et_pb_use_builder":"on","_et_pb_old_content":"","_et_gb_content_width":""},"product_brand":[],"product_cat":[69,36],"product_tag":[],"class_list":{"0":"post-3485","1":"product","2":"type-product","3":"status-publish","4":"has-post-thumbnail","6":"product_cat-2025un-es","7":"product_cat-gorras","9":"first","10":"instock","11":"taxable","12":"shipping-taxable","13":"purchasable","14":"product-type-simple"},"_links":{"self":[{"href":"https:\/\/hshg.eus\/es\/wp-json\/wp\/v2\/product\/3485","targetHints":{"allow":["GET"]}}],"collection":[{"href":"https:\/\/hshg.eus\/es\/wp-json\/wp\/v2\/product"}],"about":[{"href":"https:\/\/hshg.eus\/es\/wp-json\/wp\/v2\/types\/product"}],"replies":[{"embeddable":true,"href":"https:\/\/hshg.eus\/es\/wp-json\/wp\/v2\/comments?post=3485"}],"wp:featuredmedia":[{"embeddable":true,"href":"https:\/\/hshg.eus\/es\/wp-json\/wp\/v2\/media\/3487"}],"wp:attachment":[{"href":"https:\/\/hshg.eus\/es\/wp-json\/wp\/v2\/media?parent=3485"}],"wp:term":[{"taxonomy":"product_brand","embeddable":true,"href":"https:\/\/hshg.eus\/es\/wp-json\/wp\/v2\/product_brand?post=3485"},{"taxonomy":"product_cat","embeddable":true,"href":"https:\/\/hshg.eus\/es\/wp-json\/wp\/v2\/product_cat?post=3485"},{"taxonomy":"product_tag","embeddable":true,"href":"https:\/\/hshg.eus\/es\/wp-json\/wp\/v2\/product_tag?post=3485"}],"curies":[{"name":"wp","href":"https:\/\/api.w.org\/{rel}","templated":true}]}}